{"id":16,"date":"2017-01-31T09:48:50","date_gmt":"2017-01-31T09:48:50","guid":{"rendered":"http:\/\/www.peter-tennis.de\/?page_id=16"},"modified":"2020-01-11T15:14:30","modified_gmt":"2020-01-11T14:14:30","slug":"ueber-mich-2","status":"publish","type":"page","link":"https:\/\/www.peter-tennis.de\/?page_id=16","title":{"rendered":"\u00dcber mich"},"content":{"rendered":"<p>Hier finden Sie mich:<br \/>\nPeter H\u00f6rber<br \/>\n91541 Rothenburg ob der Tauber<img loading=\"lazy\" decoding=\"async\" class=\"size-full wp-image-169 alignright\" src=\"http:\/\/www.peter-tennis.de\/wp-content\/uploads\/2017\/01\/Profilbild-1.jpg\" alt=\"\" width=\"186\" height=\"263\" \/><br \/>\nMobil: 0151 28 924 180<br \/>\nE-Mail: <a href=\"mailto:mail@peter-tennis.de\">mail@peter-tennis.de<\/a><br \/>\nHomepage: www.peter-tennis.de<\/p>\n<p>oder nutzen Sie mein <a href=\"http:\/\/www.peter-tennis.de\/?page_id=22\">Kontaktformular<\/a><\/p>\n<p>Trainingszeiten:<br \/>\nMontag \u2013 Freitag von 9.00 \u2013 21.30 h<br \/>\nAuf Wunsch auch am Wochenende \u2013 Termine nach Vereinbarung!<\/p>\n<p><a href=\"http:\/\/www.peter-tennis.de\/wp-content\/uploads\/2020\/01\/Trainerprofil01012020.pdf\">Trainerprofil zum Download<br \/>\n<\/a><\/p>\n<p>Mein Heimatverein ist der Tennisclub Rot-Weiss Rothenburg mit dem ich seit 1969 verbunden bin.<\/p>\n<p>Ich biete Tennistraining f\u00fcr jede Altersklasse und f\u00fcr Anf\u00e4nger, Fortgeschrittene oder Leistungsspieler an. Die Gestaltung ob Gruppentraining oder Einzeltraining bestimmen Sie.<\/p>\n<p>Dar\u00fcber hinaus umfasst mein Angebot auch Einstiegs-M\u00f6glichkeiten f\u00fcr Schulen und Kinderg\u00e4rten. Tenniscamps und Tenniswochenenden werden von mir ebenfalls organisiert.<\/p>\n<p>Meine Trainingszeiten sind flexibel gestaltbar und ich w\u00fcrde mich sehr \u00fcber Ihr Interesse am Tennisspielen und am Training freuen.<\/p>\n<p>Zurzeit bin ich als Vereinstrainer bei den Vereinen Tennisclub Uffenheim, TC Jagst E.V. Langenburg, Tennisverein SpVgg Hengstfeld-Wallhausen, dem TSV Gerabronn und dem TSV Flachslanden t\u00e4tig.<br \/>\nAn einem Wochentag arbeite ich meinem Heimatverein dem TC Rot-Weis Rothenburg.<\/p>\n<p>F\u00fcr weitere Fragen bin ich per Mail, Telefon oder \u00fcber meine Homepage gerne f\u00fcr Sie zu erreichen!<\/p>\n<p><span style=\"font-family: 'Arial',sans-serif;\">\u00a0<\/span><\/p>\n","protected":false},"excerpt":{"rendered":"<p>Hier finden Sie mich: Peter H\u00f6rber 91541 Rothenburg ob der Tauber Mobil: 0151 28 924 180 E-Mail: mail@peter-tennis.de Homepage: www.peter-tennis.de oder nutzen Sie mein Kontaktformular Trainingszeiten: Montag \u2013 Freitag von 9.00 \u2013 21.30 h Auf Wunsch auch am Wochenende \u2013 Termine nach Vereinbarung! Trainerprofil zum Download Mein Heimatverein ist der Tennisclub Rot-Weiss Rothenburg mit dem [&hellip;]<\/p>\n","protected":false},"author":1,"featured_media":0,"parent":0,"menu_order":0,"comment_status":"closed","ping_status":"closed","template":"","meta":{"footnotes":""},"class_list":["post-16","page","type-page","status-publish","hentry"],"_links":{"self":[{"href":"https:\/\/www.peter-tennis.de\/index.php?rest_route=\/wp\/v2\/pages\/16"}],"collection":[{"href":"https:\/\/www.peter-tennis.de\/index.php?rest_route=\/wp\/v2\/pages"}],"about":[{"href":"https:\/\/www.peter-tennis.de\/index.php?rest_route=\/wp\/v2\/types\/page"}],"author":[{"embeddable":true,"href":"https:\/\/www.peter-tennis.de\/index.php?rest_route=\/wp\/v2\/users\/1"}],"replies":[{"embeddable":true,"href":"https:\/\/www.peter-tennis.de\/index.php?rest_route=%2Fwp%2Fv2%2Fcomments&post=16"}],"version-history":[{"count":12,"href":"https:\/\/www.peter-tennis.de\/index.php?rest_route=\/wp\/v2\/pages\/16\/revisions"}],"predecessor-version":[{"id":243,"href":"https:\/\/www.peter-tennis.de\/index.php?rest_route=\/wp\/v2\/pages\/16\/revisions\/243"}],"wp:attachment":[{"href":"https:\/\/www.peter-tennis.de\/index.php?rest_route=%2Fwp%2Fv2%2Fmedia&parent=16"}],"curies":[{"name":"wp","href":"https:\/\/api.w.org\/{rel}","templated":true}]}}