{"id":54,"date":"2017-01-31T14:02:02","date_gmt":"2017-01-31T14:02:02","guid":{"rendered":"http:\/\/www.peter-tennis.de\/?page_id=54"},"modified":"2018-08-02T11:47:15","modified_gmt":"2018-08-02T10:47:15","slug":"kinder-und-jugendtraining","status":"publish","type":"page","link":"https:\/\/www.peter-tennis.de\/?page_id=54","title":{"rendered":"Kinder- und Jugendtraining"},"content":{"rendered":"<p><strong>Jugendtraining<\/strong><\/p>\n<p>Im Jugendtraining k\u00f6nnen bei mir Kindern und Jugendlichen des gleichen Leistungsniveaus die M\u00f6glichkeit altersunabh\u00e4ngig miteinander zu trainieren. Die Trainingseinheiten sind den Leistungsstufen angepasst.<\/p>\n<p>Zielgruppe: \u00a0 Anf\u00e4nger<\/p>\n<p>Technikerwerbstraining im Grundlagenbereich<\/p>\n<p>Lernziele:<br \/>\nspielerisch koordinierten Inhalt<br \/>\nSpielf\u00e4higkeit erreichen<\/p>\n<p>Material:\u00a0\u00a0\u00a0\u00a0\u00a0\u00a0\u00a0 angepasste Platzgr\u00f6\u00dfe<br \/>\nDruckreduzierte B\u00e4lle<br \/>\nPlay und Stay Konzeption<\/p>\n<p>&nbsp;<\/p>\n<p>Zielgruppe: \u00a0 Fortgeschritten<br \/>\nTechnikerwerbstraining ist fast abgeschlossen<\/p>\n<p>Lernziele:\u00a0\u00a0\u00a0\u00a0\u00a0 Schlagvariation und Stabilisierung \/ Automatismus<br \/>\nTaktische Inhalt<br \/>\nKonditionelle Punkte wie Schnelligkeit und Kraft<\/p>\n<p>Material:\u00a0\u00a0\u00a0\u00a0\u00a0\u00a0\u00a0 \u00dcbergang zum normalen Tennisball<br \/>\nVolle Platzgr\u00f6\u00dfe<\/p>\n<p>Methodik:\u00a0\u00a0\u00a0\u00a0\u00a0 Taktische Spielz\u00fcge vorgeben und dann selbst anwenden<br \/>\nPunkte spielen &#8211; Wettkampfform<\/p>\n<p>&nbsp;<\/p>\n<p>Zielgruppe: \u00a0 Mannschaftsspieler<br \/>\nVertiefung der vorhandenen taktischen Kenntnisse und<br \/>\nSpielintelligenz<\/p>\n<p>Lernziele:\u00a0\u00a0\u00a0\u00a0\u00a0 Feinheiten der Schlagtechniken weiterentwickeln<br \/>\nMentale Fertigkeiten ausbilden<\/p>\n<p>Methodik:\u00a0\u00a0\u00a0\u00a0\u00a0 individuelle Spielmuster \/ Taktik herausarbeiten<br \/>\nMethodik zur Punktvorbereitung<\/p>\n","protected":false},"excerpt":{"rendered":"<p>Jugendtraining Im Jugendtraining k\u00f6nnen bei mir Kindern und Jugendlichen des gleichen Leistungsniveaus die M\u00f6glichkeit altersunabh\u00e4ngig miteinander zu trainieren. Die Trainingseinheiten sind den Leistungsstufen angepasst. Zielgruppe: \u00a0 Anf\u00e4nger Technikerwerbstraining im Grundlagenbereich Lernziele: spielerisch koordinierten Inhalt Spielf\u00e4higkeit erreichen Material:\u00a0\u00a0\u00a0\u00a0\u00a0\u00a0\u00a0 angepasste Platzgr\u00f6\u00dfe Druckreduzierte B\u00e4lle Play und Stay Konzeption &nbsp; Zielgruppe: \u00a0 Fortgeschritten Technikerwerbstraining ist fast abgeschlossen Lernziele:\u00a0\u00a0\u00a0\u00a0\u00a0 Schlagvariation [&hellip;]<\/p>\n","protected":false},"author":1,"featured_media":189,"parent":19,"menu_order":0,"comment_status":"closed","ping_status":"closed","template":"","meta":{"footnotes":""},"class_list":["post-54","page","type-page","status-publish","has-post-thumbnail","hentry"],"_links":{"self":[{"href":"https:\/\/www.peter-tennis.de\/index.php?rest_route=\/wp\/v2\/pages\/54"}],"collection":[{"href":"https:\/\/www.peter-tennis.de\/index.php?rest_route=\/wp\/v2\/pages"}],"about":[{"href":"https:\/\/www.peter-tennis.de\/index.php?rest_route=\/wp\/v2\/types\/page"}],"author":[{"embeddable":true,"href":"https:\/\/www.peter-tennis.de\/index.php?rest_route=\/wp\/v2\/users\/1"}],"replies":[{"embeddable":true,"href":"https:\/\/www.peter-tennis.de\/index.php?rest_route=%2Fwp%2Fv2%2Fcomments&post=54"}],"version-history":[{"count":4,"href":"https:\/\/www.peter-tennis.de\/index.php?rest_route=\/wp\/v2\/pages\/54\/revisions"}],"predecessor-version":[{"id":188,"href":"https:\/\/www.peter-tennis.de\/index.php?rest_route=\/wp\/v2\/pages\/54\/revisions\/188"}],"up":[{"embeddable":true,"href":"https:\/\/www.peter-tennis.de\/index.php?rest_route=\/wp\/v2\/pages\/19"}],"wp:featuredmedia":[{"embeddable":true,"href":"https:\/\/www.peter-tennis.de\/index.php?rest_route=\/wp\/v2\/media\/189"}],"wp:attachment":[{"href":"https:\/\/www.peter-tennis.de\/index.php?rest_route=%2Fwp%2Fv2%2Fmedia&parent=54"}],"curies":[{"name":"wp","href":"https:\/\/api.w.org\/{rel}","templated":true}]}}