{"id":58,"date":"2019-10-14T14:02:48","date_gmt":"2019-10-14T13:02:48","guid":{"rendered":"http:\/\/www.peter-tennis.de\/?page_id=58"},"modified":"2019-10-14T16:15:03","modified_gmt":"2019-10-14T15:15:03","slug":"einzeltraining","status":"publish","type":"page","link":"https:\/\/www.peter-tennis.de\/?page_id=58","title":{"rendered":"Einzeltraining"},"content":{"rendered":"\n<p>Im Erwachsenentraining k\u00f6nnen passende Schnupperkurse, Gruppenkurse und individuell abgestimmte Trainingseinheiten ausgew\u00e4hlt werden. Aber auch f\u00fcr besonders engagierte Kinder und Jugendliche stehe ich nach pers\u00f6nlicher Absprache zur Einzelbetreuung zur Verf\u00fcgung.<\/p>\n\n\n\n<p>Zielgruppe: alle Leisungsst\u00e4rken jeder Altersklasse<\/p>\n\n\n\n<p>Lernziel: wird individuell abgestimmt<\/p>\n\n\n\n<p>Trainingszeiten: aktuelle Angebote und nach Wunsch<\/p>\n\n\n\n<p>Methodik: angepasst je nach Spielst\u00e4rke<\/p>\n","protected":false},"excerpt":{"rendered":"<p>Im Erwachsenentraining k\u00f6nnen passende Schnupperkurse, Gruppenkurse und individuell abgestimmte Trainingseinheiten ausgew\u00e4hlt werden. Aber auch f\u00fcr besonders engagierte Kinder und Jugendliche stehe ich nach pers\u00f6nlicher Absprache zur Einzelbetreuung zur Verf\u00fcgung. Zielgruppe: alle Leisungsst\u00e4rken jeder Altersklasse Lernziel: wird individuell abgestimmt Trainingszeiten: aktuelle Angebote und nach Wunsch Methodik: angepasst je nach Spielst\u00e4rke<\/p>\n","protected":false},"author":1,"featured_media":190,"parent":19,"menu_order":0,"comment_status":"closed","ping_status":"closed","template":"","meta":{"footnotes":""},"class_list":["post-58","page","type-page","status-publish","has-post-thumbnail","hentry"],"_links":{"self":[{"href":"https:\/\/www.peter-tennis.de\/index.php?rest_route=\/wp\/v2\/pages\/58"}],"collection":[{"href":"https:\/\/www.peter-tennis.de\/index.php?rest_route=\/wp\/v2\/pages"}],"about":[{"href":"https:\/\/www.peter-tennis.de\/index.php?rest_route=\/wp\/v2\/types\/page"}],"author":[{"embeddable":true,"href":"https:\/\/www.peter-tennis.de\/index.php?rest_route=\/wp\/v2\/users\/1"}],"replies":[{"embeddable":true,"href":"https:\/\/www.peter-tennis.de\/index.php?rest_route=%2Fwp%2Fv2%2Fcomments&post=58"}],"version-history":[{"count":5,"href":"https:\/\/www.peter-tennis.de\/index.php?rest_route=\/wp\/v2\/pages\/58\/revisions"}],"predecessor-version":[{"id":215,"href":"https:\/\/www.peter-tennis.de\/index.php?rest_route=\/wp\/v2\/pages\/58\/revisions\/215"}],"up":[{"embeddable":true,"href":"https:\/\/www.peter-tennis.de\/index.php?rest_route=\/wp\/v2\/pages\/19"}],"wp:featuredmedia":[{"embeddable":true,"href":"https:\/\/www.peter-tennis.de\/index.php?rest_route=\/wp\/v2\/media\/190"}],"wp:attachment":[{"href":"https:\/\/www.peter-tennis.de\/index.php?rest_route=%2Fwp%2Fv2%2Fmedia&parent=58"}],"curies":[{"name":"wp","href":"https:\/\/api.w.org\/{rel}","templated":true}]}}